{"id":26,"date":"2023-10-25T01:21:56","date_gmt":"2023-10-25T01:21:56","guid":{"rendered":"https:\/\/ambientesolucao.com\/2023\/?page_id=26"},"modified":"2025-08-06T15:09:05","modified_gmt":"2025-08-06T15:09:05","slug":"backup-home","status":"publish","type":"page","link":"https:\/\/ambientesolucao.com\/","title":{"rendered":"Nova Home"},"content":{"rendered":"\n<div class=\"wp-block-cover alignfull is-light hero-pattern\" style=\"min-height:34rem;aspect-ratio:unset;\"><span aria-hidden=\"true\" class=\"wp-block-cover__background has-background-dim\" style=\"background-color:#f5f7fa\"><\/span><div class=\"wp-block-cover__inner-container is-layout-flow wp-block-cover-is-layout-flow\">\n<div class=\"wp-block-group is-layout-constrained wp-block-group-is-layout-constrained\">\n<div class=\"wp-block-columns alignwide p-animation-text-moveUp is-layout-flex wp-container-core-columns-is-layout-1b715042 wp-block-columns-is-layout-flex\">\n<div class=\"wp-block-column is-vertically-aligned-center is-layout-flow wp-block-column-is-layout-flow\">\n<div style=\"height:8px\" aria-hidden=\"true\" class=\"wp-block-spacer\"><\/div>\n\n\n\n<figure class=\"wp-block-image size-large is-resized\"><img loading=\"lazy\" decoding=\"async\" width=\"1024\" height=\"435\" src=\"https:\/\/ambientesolucao.com\/wp-content\/uploads\/2023\/10\/ambientesolucao-1024x435.png\" alt=\"\" class=\"wp-image-11\" style=\"width:382px;height:auto\" srcset=\"https:\/\/ambientesolucao.com\/wp-content\/uploads\/2023\/10\/ambientesolucao-1024x435.png 1024w, https:\/\/ambientesolucao.com\/wp-content\/uploads\/2023\/10\/ambientesolucao-300x128.png 300w, https:\/\/ambientesolucao.com\/wp-content\/uploads\/2023\/10\/ambientesolucao-768x326.png 768w, https:\/\/ambientesolucao.com\/wp-content\/uploads\/2023\/10\/ambientesolucao-1536x653.png 1536w, https:\/\/ambientesolucao.com\/wp-content\/uploads\/2023\/10\/ambientesolucao-2048x871.png 2048w\" sizes=\"auto, (max-width: 1024px) 100vw, 1024px\" \/><\/figure>\n\n\n\n<h3 class=\"wp-block-heading\">Gest\u00e3o e Consultoria em Tecnologia<\/h3>\n\n\n\n<p>Criando hist\u00f3rias que aproximam marcas e pessoas. Otimize e acelere o seu neg\u00f3cio com desenvolvimento especializado.<\/p>\n\n\n\n<div style=\"height:16px\" aria-hidden=\"true\" class=\"wp-block-spacer\"><\/div>\n\n\n\n<div class=\"wp-block-buttons is-layout-flex wp-block-buttons-is-layout-flex\">\n<div class=\"wp-block-button\"><a class=\"wp-block-button__link wp-element-button\" href=\"https:\/\/api.whatsapp.com\/send\/?phone=5532988082503&amp;text&amp;type=phone_number&amp;app_absent=0\"><span>Fale Conosco<\/span><\/a><\/div>\n<\/div>\n<\/div>\n\n\n\n<div class=\"wp-block-column is-vertically-aligned-center is-layout-flow wp-block-column-is-layout-flow\">\n<figure class=\"wp-block-image size-full wp-duotone-rgb171616-rgb84188219-1\"><img decoding=\"async\" src=\"https:\/\/ambientesolucao.com\/wp-content\/themes\/prespa\/assets\/img\/patterns\/header-illustration.png\" alt=\"\" class=\"wp-image-2027\"\/><\/figure>\n<\/div>\n<\/div>\n<\/div>\n<\/div><\/div>\n\n\n\n<div class=\"wp-block-group is-layout-constrained wp-block-group-is-layout-constrained\" style=\"padding-top:var(--wp--preset--spacing--large);padding-bottom:var(--wp--preset--spacing--large)\">\n<h2 class=\"wp-block-heading has-text-align-center p-animation-moveUp\" style=\"letter-spacing:-0.03em;line-height:1.1;text-transform:none\">Experimente a pr\u00f3xima gera\u00e7\u00e3o de criatividade<\/h2>\n\n\n\n<p class=\"has-text-align-center p-animation-moveUp\"><\/p>\n\n\n\n<div class=\"wp-block-columns p-animation-text-moveUp is-layout-flex wp-container-core-columns-is-layout-d8a81c52 wp-block-columns-is-layout-flex\" style=\"margin-bottom:0;padding-top:var(--wp--preset--spacing--large);padding-right:0;padding-bottom:var(--wp--preset--spacing--large);padding-left:0\">\n<div class=\"wp-block-column is-layout-flow wp-block-column-is-layout-flow\">\n<div class=\"wp-block-columns is-layout-flex wp-container-core-columns-is-layout-28f84493 wp-block-columns-is-layout-flex\">\n<div class=\"wp-block-column is-layout-flow wp-block-column-is-layout-flow\">\n<figure class=\"wp-block-image size-full has-custom-border wp-duotone-000000-rgb84188219-2\"><img decoding=\"async\" src=\"https:\/\/ambientesolucao.com\/wp-content\/themes\/prespa\/assets\/img\/patterns\/how-it-works-part-3.png\" alt=\"\" class=\"wp-image-288\" style=\"border-radius:6px\"\/><\/figure>\n<\/div>\n<\/div>\n<\/div>\n\n\n\n<div class=\"wp-block-column is-vertically-aligned-center is-layout-flow wp-block-column-is-layout-flow\">\n<h3 class=\"wp-block-heading\" style=\"padding-bottom:var(--wp--preset--spacing--xx-small);letter-spacing:-0.02em;line-height:1.2\">Somos o time de desenvolvimento para o seu neg\u00f3cio.<\/h3>\n\n\n\n<p style=\"margin-bottom:var(--wp--preset--spacing--large)\">Ajudamos empresas a transformar ideias inovadoras em aplica\u00e7\u00f5es web intuitivas, funcionais e de alta performance.<br>Aqui, o foco \u00e9 construir tecnologia que resolve, escala e entrega valor de verdade.<\/p>\n\n\n\n<div class=\"wp-block-buttons is-layout-flex wp-block-buttons-is-layout-flex\"><\/div>\n<\/div>\n<\/div>\n\n\n\n<div class=\"wp-block-columns p-animation-text-moveUp is-layout-flex wp-container-core-columns-is-layout-318252f0 wp-block-columns-is-layout-flex\">\n<div class=\"wp-block-column is-layout-flow wp-block-column-is-layout-flow\">\n<div class=\"wp-block-columns is-layout-flex wp-container-core-columns-is-layout-28f84493 wp-block-columns-is-layout-flex\">\n<div class=\"wp-block-column is-layout-flow wp-block-column-is-layout-flow\">\n<p class=\"has-text-align-center\"><strong>Ambiente Solu\u00e7\u00e3o<\/strong> \u00e9 especialista em desenvolvimento web, APIs e hospedagem profissional.<br>Atuamos com foco em programa\u00e7\u00e3o, entregando <strong>sistemas sob medida<\/strong>, <strong>APIs robustas<\/strong>, <strong>sites bem estruturados<\/strong> e <strong>infraestrutura confi\u00e1vel<\/strong> para manter tudo funcionando como deve ser.<\/p>\n<\/div>\n<\/div>\n<\/div>\n<\/div>\n<\/div>\n\n\n\n<div class=\"wp-block-group alignfull six-services has-gray-background-color has-background is-layout-constrained wp-container-core-group-is-layout-0929ba60 wp-block-group-is-layout-constrained\" style=\"margin-top:0;margin-bottom:var(--wp--preset--spacing--xx-large);padding-top:var(--wp--preset--spacing--medium);padding-right:0;padding-bottom:var(--wp--preset--spacing--medium);padding-left:0\">\n<div style=\"height:1rem\" aria-hidden=\"true\" class=\"wp-block-spacer\"><\/div>\n\n\n\n<p class=\"has-text-align-center p-animation-text-moveUp\"><\/p>\n\n\n\n<h2 class=\"wp-block-heading has-text-align-center p-animation-text-moveUp\">Nossos servi\u00e7os<\/h2>\n\n\n\n<p class=\"has-text-align-center p-animation-text-moveUp\"><\/p>\n\n\n\n<div class=\"wp-block-columns p-animation-text-moveUp is-layout-flex wp-container-core-columns-is-layout-df70c5d9 wp-block-columns-is-layout-flex\" style=\"padding-top:var(--wp--preset--spacing--medium);padding-bottom:var(--wp--preset--spacing--medium)\">\n<div class=\"wp-block-column is-vertically-aligned-top has-white-background-color has-background is-layout-flow wp-block-column-is-layout-flow\" style=\"padding-top:var(--wp--preset--spacing--large);padding-right:var(--wp--preset--spacing--small);padding-bottom:var(--wp--preset--spacing--large);padding-left:var(--wp--preset--spacing--small)\">\n<figure class=\"wp-block-image aligncenter size-full is-resized\"><img decoding=\"async\" src=\"https:\/\/ambientesolucao.com\/wp-content\/themes\/prespa\/assets\/img\/patterns\/icons\/user-friendly.svg\" alt=\"\" class=\"wp-image-253\" style=\"width:40px;height:40px\"\/><\/figure>\n\n\n\n<h5 class=\"wp-block-heading has-text-align-center\" style=\"padding-top:var(--wp--preset--spacing--xx-small);letter-spacing:-0.04em;line-height:1.1\">Desenvolvimento de sites<\/h5>\n\n\n\n<p class=\"has-text-align-center\">Criamos sites funcionais, r\u00e1pidos e com layouts exclusivos, tendo o foco em performance e organiza\u00e7\u00e3o do conte\u00fado. Ideal para empresas que precisam de presen\u00e7a online eficiente.<\/p>\n\n\n\n<ul class=\"wp-block-list\">\n<li>Sites institucionais<\/li>\n<\/ul>\n\n\n\n<ul class=\"wp-block-list\">\n<li>Portf\u00f3lios profissionais<\/li>\n<\/ul>\n\n\n\n<ul class=\"wp-block-list\">\n<li>P\u00e1ginas de servi\u00e7os ou produtos<\/li>\n<\/ul>\n<\/div>\n\n\n\n<div class=\"wp-block-column is-vertically-aligned-top has-white-background-color has-background is-layout-flow wp-block-column-is-layout-flow\" style=\"border-style:none;border-width:0px;padding-top:var(--wp--preset--spacing--large);padding-right:var(--wp--preset--spacing--small);padding-bottom:var(--wp--preset--spacing--large);padding-left:var(--wp--preset--spacing--small)\">\n<figure class=\"wp-block-image aligncenter size-full is-resized\"><img decoding=\"async\" src=\"https:\/\/ambientesolucao.com\/wp-content\/themes\/prespa\/assets\/img\/patterns\/icons\/code.svg\" alt=\"\" class=\"wp-image-254\" style=\"width:40px;height:40px\"\/><\/figure>\n\n\n\n<h5 class=\"wp-block-heading has-text-align-center\" style=\"padding-top:var(--wp--preset--spacing--xx-small);letter-spacing:-0.03em;line-height:1.1\">Desenvolvimento de APIs<\/h5>\n\n\n\n<p class=\"has-text-align-center\">APIs robustas que conectam sistemas, sites, aplicativos e integra\u00e7\u00f5es externas. Desenvolvemos com foco em escalabilidade e seguran\u00e7a.<\/p>\n\n\n\n<ul class=\"wp-block-list\">\n<li>RESTful APIs com autentica\u00e7\u00e3o (JWT, OAuth, etc.)<\/li>\n<\/ul>\n\n\n\n<ul class=\"wp-block-list\">\n<li>Integra\u00e7\u00f5es com ERPs, CRMs, gateways de pagamento.<\/li>\n<\/ul>\n<\/div>\n\n\n\n<div class=\"wp-block-column is-vertically-aligned-top has-grey-background-color has-white-background-color has-background is-layout-flow wp-block-column-is-layout-flow\" style=\"padding-top:var(--wp--preset--spacing--large);padding-right:var(--wp--preset--spacing--small);padding-bottom:var(--wp--preset--spacing--large);padding-left:var(--wp--preset--spacing--small)\">\n<figure class=\"wp-block-image aligncenter size-full is-resized\"><img decoding=\"async\" src=\"https:\/\/ambientesolucao.com\/wp-content\/themes\/prespa\/assets\/img\/patterns\/icons\/code.svg\" alt=\"\" class=\"wp-image-254\" style=\"width:40px;height:40px\"\/><\/figure>\n\n\n\n<h5 class=\"wp-block-heading has-text-align-center\" style=\"padding-top:var(--wp--preset--spacing--xx-small);letter-spacing:-0.03em;line-height:1.1\">Hospedagem de Site<\/h5>\n\n\n\n<p class=\"has-text-align-center\">Infraestrutura otimizada para manter seus sites e sistemas com estabilidade e seguran\u00e7a. Oferecemos planos flex\u00edveis.<\/p>\n\n\n\n<ul class=\"wp-block-list\">\n<li>Servidores otimizados<\/li>\n<\/ul>\n\n\n\n<ul class=\"wp-block-list\">\n<li>Planos com cPanel, MySQL, e-mails e dom\u00ednios<\/li>\n<\/ul>\n\n\n\n<ul class=\"wp-block-list\">\n<li>Excelente custo-benef\u00edcio para pequenas empresas<\/li>\n<\/ul>\n<\/div>\n<\/div>\n\n\n\n<div class=\"wp-block-columns p-animation-text-moveUp is-layout-flex wp-container-core-columns-is-layout-c0ed80d6 wp-block-columns-is-layout-flex\" style=\"padding-top:0;padding-bottom:var(--wp--preset--spacing--large)\">\n<div class=\"wp-block-column is-vertically-aligned-center has-grey-background-color has-white-background-color has-background is-layout-flow wp-block-column-is-layout-flow\" style=\"padding-top:var(--wp--preset--spacing--large);padding-right:var(--wp--preset--spacing--small);padding-bottom:var(--wp--preset--spacing--large);padding-left:var(--wp--preset--spacing--small)\">\n<figure class=\"wp-block-image aligncenter size-full is-resized\"><img decoding=\"async\" src=\"https:\/\/ambientesolucao.com\/wp-content\/themes\/prespa\/assets\/img\/patterns\/icons\/collaboration-support.svg\" alt=\"\" class=\"wp-image-254\" style=\"width:40px;height:40px\"\/><\/figure>\n\n\n\n<h5 class=\"wp-block-heading has-text-align-center\" style=\"padding-top:var(--wp--preset--spacing--xx-small);letter-spacing:-0.03em;line-height:1.1\">Integra\u00e7\u00f5es com IA e WhatsApp<\/h5>\n\n\n\n<p class=\"has-text-align-left\">Automatize processos e intera\u00e7\u00f5es com intelig\u00eancia artificial integrada aos seus sistemas.<\/p>\n\n\n\n<ul class=\"wp-block-list\">\n<li>Atendimento automatizado com IA via WhatsApp<\/li>\n<\/ul>\n\n\n\n<ul class=\"wp-block-list\">\n<li>Envio de notifica\u00e7\u00f5es por WhatsApp via sistemas internos<\/li>\n<\/ul>\n\n\n\n<ul class=\"wp-block-list\">\n<li>Respostas inteligentes em tempo real para clientes ou operadores<\/li>\n<\/ul>\n\n\n\n<ul class=\"wp-block-list\">\n<li>Chatbots personalizados com IA treinada para o seu neg\u00f3cio<\/li>\n<\/ul>\n<\/div>\n<\/div>\n\n\n\n<div class=\"wp-block-columns p-animation-text-moveUp is-layout-flex wp-container-core-columns-is-layout-c0ed80d6 wp-block-columns-is-layout-flex\" style=\"padding-top:0;padding-bottom:var(--wp--preset--spacing--large)\">\n<div class=\"wp-block-column is-vertically-aligned-center has-grey-background-color has-white-background-color has-background is-layout-flow wp-block-column-is-layout-flow\" style=\"padding-top:var(--wp--preset--spacing--large);padding-right:var(--wp--preset--spacing--small);padding-bottom:var(--wp--preset--spacing--large);padding-left:var(--wp--preset--spacing--small)\">\n<figure class=\"wp-block-image aligncenter size-full is-resized\"><img decoding=\"async\" src=\"https:\/\/ambientesolucao.com\/wp-content\/themes\/prespa\/assets\/img\/patterns\/icons\/collaboration-support.svg\" alt=\"\" class=\"wp-image-254\" style=\"width:40px;height:40px\"\/><\/figure>\n\n\n\n<h5 class=\"wp-block-heading has-text-align-center\" style=\"padding-top:var(--wp--preset--spacing--xx-small);letter-spacing:-0.03em;line-height:1.1\">Consultoria em Tecnologia<\/h5>\n\n\n\n<p class=\"has-text-align-center\">Oferecemos consultoria especializada para auxiliar na escolha das melhores tecnologias e solu\u00e7\u00f5es para o seu projeto. Ajudamos a definir a estrat\u00e9gia digital ideal para o seu neg\u00f3cio.<\/p>\n<\/div>\n<\/div>\n<\/div>\n\n\n\n<div class=\"wp-block-group pattern-pricing-plans is-layout-constrained wp-block-group-is-layout-constrained\" style=\"padding-top:var(--wp--preset--spacing--medium);padding-bottom:var(--wp--preset--spacing--medium)\">\n<h2 class=\"wp-block-heading has-text-align-center p-animation-moveDown\" id=\"planos\" style=\"letter-spacing:-0.03em;line-height:1.1\">Planos de Hospedagem de Sites<\/h2>\n\n\n\n<p class=\"has-text-align-center\" style=\"padding-bottom:var(--wp--preset--spacing--medium)\"><\/p>\n\n\n\n<div class=\"wp-block-columns p-animation-zoom-in is-layout-flex wp-container-core-columns-is-layout-9849ce83 wp-block-columns-is-layout-flex\" style=\"padding-bottom:var(--wp--preset--spacing--medium)\">\n<div class=\"wp-block-column has-gray-background-color has-background is-layout-flow wp-block-column-is-layout-flow\" style=\"padding-top:var(--wp--preset--spacing--small);padding-right:var(--wp--preset--spacing--medium);padding-bottom:var(--wp--preset--spacing--medium);padding-left:var(--wp--preset--spacing--medium)\">\n<h6 class=\"wp-block-heading has-text-align-center has-white-background-color has-background\" style=\"margin-right:var(--wp--preset--spacing--medium);margin-left:var(--wp--preset--spacing--medium);padding-top:10px;padding-right:10px;padding-bottom:10px;padding-left:10px\">Alum\u00ednio<\/h6>\n\n\n\n<h2 class=\"wp-block-heading has-text-align-center has-primary-color\" style=\"margin-top:var(--wp--preset--spacing--medium);letter-spacing:-3px\">R$ 29,90 <sub>\/m\u00eas<\/sub><\/h2>\n\n\n\n<h5 class=\"wp-block-heading has-text-align-center has-highlight-color has-small-font-size\">1 dom\u00ednio<\/h5>\n\n\n\n<p class=\"has-text-align-center has-small-font-size\">500 MB de armazenamento<\/p>\n\n\n\n<p class=\"has-text-align-center has-small-font-size\" style=\"padding-bottom:0\">20 contas de e-mail<\/p>\n\n\n\n<p class=\"has-text-align-center has-small-font-size\" style=\"padding-bottom:0\">10 Banco de Dados MySQL<\/p>\n\n\n\n<p class=\"has-text-align-center has-small-font-size\" style=\"padding-bottom:0\">Integra\u00e7\u00e3o com WordPress<\/p>\n\n\n\n<p class=\"has-text-align-center has-small-font-size\" style=\"padding-bottom:0\">Cpanel<\/p>\n\n\n\n<div class=\"wp-block-buttons is-content-justification-center is-layout-flex wp-container-core-buttons-is-layout-0c971ed9 wp-block-buttons-is-layout-flex\" style=\"margin-top:var(--wp--preset--spacing--medium)\">\n<div class=\"wp-block-button p-btn-animation-border-move\"><a class=\"wp-block-button__link wp-element-button\" href=\"https:\/\/wa.me\/553298808253?text=Plano%20de%20hospedagem%20Aluminio\" style=\"border-radius:6px\" target=\"_blank\" rel=\"noreferrer noopener\">Escolher esse plano<\/a><\/div>\n<\/div>\n<\/div>\n\n\n\n<div class=\"wp-block-column has-silver-blue-background-color has-background is-layout-flow wp-block-column-is-layout-flow\" style=\"padding-top:var(--wp--preset--spacing--small);padding-right:var(--wp--preset--spacing--medium);padding-bottom:var(--wp--preset--spacing--medium);padding-left:var(--wp--preset--spacing--medium)\">\n<h6 class=\"wp-block-heading has-text-align-center has-white-background-color has-background\" style=\"margin-top:0px;margin-right:var(--wp--preset--spacing--medium);margin-bottom:0px;margin-left:var(--wp--preset--spacing--medium);padding-top:10px;padding-right:10px;padding-bottom:10px;padding-left:10px\">Prata<\/h6>\n\n\n\n<h2 class=\"wp-block-heading has-text-align-center has-primary-color\" style=\"margin-top:var(--wp--preset--spacing--medium);letter-spacing:-3px\">R$ 39,90 <sub>\/m\u00eas<\/sub><\/h2>\n\n\n\n<h5 class=\"wp-block-heading has-text-align-center has-highlight-color has-small-font-size\">1 dom\u00ednio<\/h5>\n\n\n\n<p class=\"has-text-align-center has-small-font-size\">1 GB de armazenamento<\/p>\n\n\n\n<p class=\"has-text-align-center has-small-font-size\" style=\"padding-bottom:0\">40 contas de e-mail<\/p>\n\n\n\n<p class=\"has-text-align-center has-small-font-size\" style=\"padding-bottom:0\">20 Banco de Dados MySQL<\/p>\n\n\n\n<p class=\"has-text-align-center has-small-font-size\" style=\"padding-bottom:0\">Integra\u00e7\u00e3o com WordPress<\/p>\n\n\n\n<p class=\"has-text-align-center has-small-font-size\" style=\"padding-bottom:0\">Cpanel.<\/p>\n\n\n\n<div class=\"wp-block-buttons is-content-justification-center is-layout-flex wp-container-core-buttons-is-layout-0c971ed9 wp-block-buttons-is-layout-flex\" style=\"margin-top:var(--wp--preset--spacing--medium)\">\n<div class=\"wp-block-button p-btn-animation-border-move\"><a class=\"wp-block-button__link wp-element-button\" href=\"https:\/\/wa.me\/553298808253?text=Plano%20de%20hospedagem%20Prata\" style=\"border-radius:6px\" target=\"_blank\" rel=\"noreferrer noopener\">Escolher esse plano<\/a><\/div>\n<\/div>\n<\/div>\n\n\n\n<div class=\"wp-block-column has-gray-background-color has-background is-layout-flow wp-block-column-is-layout-flow\" style=\"padding-top:var(--wp--preset--spacing--small);padding-right:var(--wp--preset--spacing--medium);padding-bottom:var(--wp--preset--spacing--medium);padding-left:var(--wp--preset--spacing--medium)\">\n<h6 class=\"wp-block-heading has-text-align-center has-white-background-color has-background\" style=\"margin-right:var(--wp--preset--spacing--medium);margin-left:var(--wp--preset--spacing--medium);padding-top:10px;padding-right:10px;padding-bottom:10px;padding-left:10px\">Ouro<\/h6>\n\n\n\n<h2 class=\"wp-block-heading has-text-align-center has-primary-color\" style=\"margin-top:var(--wp--preset--spacing--medium);letter-spacing:-3px\">R$ 49,90 <sub>\/m\u00eas<\/sub><\/h2>\n\n\n\n<h5 class=\"wp-block-heading has-text-align-center has-highlight-color has-small-font-size\">1 dom\u00ednio<\/h5>\n\n\n\n<p class=\"has-text-align-center has-small-font-size\">5 GB de armazenamento<\/p>\n\n\n\n<p class=\"has-text-align-center has-small-font-size\" style=\"padding-bottom:0\">60 contas de e-mail<\/p>\n\n\n\n<p class=\"has-text-align-center has-small-font-size\" style=\"padding-bottom:0\">40 Banco de Dados MySQL<\/p>\n\n\n\n<p class=\"has-text-align-center has-small-font-size\" style=\"padding-bottom:0\">Integra\u00e7\u00e3o com WordPress<\/p>\n\n\n\n<p class=\"has-text-align-center has-small-font-size\" style=\"padding-bottom:0\">Cpanel.<\/p>\n\n\n\n<div class=\"wp-block-buttons is-content-justification-center is-layout-flex wp-container-core-buttons-is-layout-0c971ed9 wp-block-buttons-is-layout-flex\" style=\"margin-top:var(--wp--preset--spacing--medium)\">\n<div class=\"wp-block-button p-btn-animation-border-move\"><a class=\"wp-block-button__link wp-element-button\" href=\"https:\/\/wa.me\/553298808253?text=Plano%20de%20hospedagem%20Ouro\" style=\"border-radius:6px\" target=\"_blank\" rel=\"noreferrer noopener\">Escolher esse plano<\/a><\/div>\n<\/div>\n<\/div>\n<\/div>\n<\/div>\n\n\n\n<div class=\"wp-block-group alignfull section-stats-counter has-gray-background-color has-background is-layout-constrained wp-block-group-is-layout-constrained\">\n<div class=\"wp-block-columns is-layout-flex wp-container-core-columns-is-layout-0cd477d5 wp-block-columns-is-layout-flex\" style=\"padding-top:var(--wp--preset--spacing--small);padding-bottom:var(--wp--preset--spacing--small)\">\n<div class=\"wp-block-column is-layout-flow wp-block-column-is-layout-flow\" style=\"padding-top:var(--wp--preset--spacing--small);padding-bottom:var(--wp--preset--spacing--small)\">\n<figure class=\"wp-block-image aligncenter size-full\"><img decoding=\"async\" src=\"https:\/\/ambientesolucao.com\/wp-content\/themes\/prespa\/assets\/img\/patterns\/icons\/home.svg\" alt=\"\" class=\"wp-image-2079\"\/><\/figure>\n\n\n\n<h2 class=\"wp-block-heading has-text-align-center has-large-font-size\">2007<\/h2>\n\n\n\n<p class=\"has-text-align-center\">Desde<\/p>\n<\/div>\n\n\n\n<div class=\"wp-block-column increase is-layout-flow wp-block-column-is-layout-flow\" style=\"padding-top:var(--wp--preset--spacing--small);padding-bottom:var(--wp--preset--spacing--small)\">\n<figure class=\"wp-block-image aligncenter size-full\"><img decoding=\"async\" src=\"https:\/\/ambientesolucao.com\/wp-content\/themes\/prespa\/assets\/img\/patterns\/icons\/users.svg\" alt=\"\" class=\"wp-image-2079\"\/><\/figure>\n\n\n\n<h2 class=\"wp-block-heading has-text-align-center has-large-font-size\">50+<\/h2>\n\n\n\n<p class=\"has-text-align-center\">Projetos publicados<\/p>\n<\/div>\n\n\n\n<div class=\"wp-block-column increase is-layout-flow wp-block-column-is-layout-flow\" style=\"padding-top:var(--wp--preset--spacing--small);padding-bottom:var(--wp--preset--spacing--small)\">\n<figure class=\"wp-block-image aligncenter size-full\"><img decoding=\"async\" src=\"https:\/\/ambientesolucao.com\/wp-content\/themes\/prespa\/assets\/img\/patterns\/icons\/check-square.svg\" alt=\"\" class=\"wp-image-2079\"\/><\/figure>\n\n\n\n<h2 class=\"wp-block-heading has-text-align-center has-large-font-size\">100%<\/h2>\n\n\n\n<p class=\"has-text-align-center\">Sucesso nas entregas<\/p>\n<\/div>\n\n\n\n<div class=\"wp-block-column increase is-layout-flow wp-block-column-is-layout-flow\" style=\"padding-top:var(--wp--preset--spacing--small);padding-bottom:var(--wp--preset--spacing--small)\">\n<figure class=\"wp-block-image aligncenter size-full\"><img decoding=\"async\" src=\"https:\/\/ambientesolucao.com\/wp-content\/themes\/prespa\/assets\/img\/patterns\/icons\/user-check.svg\" alt=\"\" class=\"wp-image-2079\"\/><\/figure>\n\n\n\n<h2 class=\"wp-block-heading has-text-align-center has-large-font-size\">99%<\/h2>\n\n\n\n<p class=\"has-text-align-center\">Pessoas satisfeitas.<\/p>\n<\/div>\n<\/div>\n<\/div>\n\n\n\n<div class=\"wp-block-group alignfull has-contrast-color has-text-color is-vertical is-content-justification-center is-layout-flex wp-container-core-group-is-layout-f306f087 wp-block-group-is-layout-flex\" style=\"min-height:40vh;margin-top:0;margin-bottom:0;padding-top:var(--wp--preset--spacing--60);padding-right:var(--wp--preset--spacing--50);padding-bottom:var(--wp--preset--spacing--60);padding-left:var(--wp--preset--spacing--50)\"><div style=\"margin-bottom:6px;\" class=\"is-default-size aligncenter wp-block-site-logo\"><a href=\"https:\/\/ambientesolucao.com\/\" class=\"custom-logo-link light-mode-logo\" rel=\"home\"><img loading=\"lazy\" decoding=\"async\" width=\"1329\" height=\"961\" src=\"https:\/\/ambientesolucao.com\/wp-content\/uploads\/2023\/10\/cropped-ambientesolucao.png\" class=\"custom-logo\" alt=\"Ambiente Solu\u00e7\u00e3o &#8211; Tecnologia Web | Desenvolvimento de sites em Juiz de Fora: aumente suas vendas com sites personalizados e responsivos.\" srcset=\"https:\/\/ambientesolucao.com\/wp-content\/uploads\/2023\/10\/cropped-ambientesolucao.png 1329w, https:\/\/ambientesolucao.com\/wp-content\/uploads\/2023\/10\/cropped-ambientesolucao-300x217.png 300w, https:\/\/ambientesolucao.com\/wp-content\/uploads\/2023\/10\/cropped-ambientesolucao-1024x740.png 1024w, https:\/\/ambientesolucao.com\/wp-content\/uploads\/2023\/10\/cropped-ambientesolucao-768x555.png 768w\" sizes=\"auto, (max-width: 1329px) 100vw, 1329px\" \/><\/a><\/div>\n\n\n<p class=\"has-text-align-center has-medium-font-size\">Copyright 2025 &#8211; Todos os direitos reservados a Ambiente Solu\u00e7\u00e3o<\/p>\n\n\n\n<p><a href=\"https:\/\/www.ambientesolucao.com\/contrato_hospedagem.pdf\" data-type=\"link\" data-id=\"https:\/\/www.ambientesolucao.com\/contrato_hospedagem.pdf\" target=\"_blank\" rel=\"noreferrer noopener\">Contrato de presta\u00e7\u00e3o de servi\u00e7o de hospedagem<\/a><\/p>\n<\/div>\n","protected":false},"excerpt":{"rendered":"<p>Experimente a pr\u00f3xima gera\u00e7\u00e3o de criatividade Somos o time de desenvolvimento para o seu neg\u00f3cio.&hellip;<\/p>\n","protected":false},"author":1,"featured_media":0,"parent":0,"menu_order":0,"comment_status":"closed","ping_status":"closed","template":"","meta":{"footnotes":""},"class_list":["post-26","page","type-page","status-publish","hentry"],"_links":{"self":[{"href":"https:\/\/ambientesolucao.com\/index.php?rest_route=\/wp\/v2\/pages\/26","targetHints":{"allow":["GET"]}}],"collection":[{"href":"https:\/\/ambientesolucao.com\/index.php?rest_route=\/wp\/v2\/pages"}],"about":[{"href":"https:\/\/ambientesolucao.com\/index.php?rest_route=\/wp\/v2\/types\/page"}],"author":[{"embeddable":true,"href":"https:\/\/ambientesolucao.com\/index.php?rest_route=\/wp\/v2\/users\/1"}],"replies":[{"embeddable":true,"href":"https:\/\/ambientesolucao.com\/index.php?rest_route=%2Fwp%2Fv2%2Fcomments&post=26"}],"version-history":[{"count":51,"href":"https:\/\/ambientesolucao.com\/index.php?rest_route=\/wp\/v2\/pages\/26\/revisions"}],"predecessor-version":[{"id":141,"href":"https:\/\/ambientesolucao.com\/index.php?rest_route=\/wp\/v2\/pages\/26\/revisions\/141"}],"wp:attachment":[{"href":"https:\/\/ambientesolucao.com\/index.php?rest_route=%2Fwp%2Fv2%2Fmedia&parent=26"}],"curies":[{"name":"wp","href":"https:\/\/api.w.org\/{rel}","templated":true}]}}